{"id":12,"date":"2018-02-24T11:23:21","date_gmt":"2018-02-24T11:23:21","guid":{"rendered":"https:\/\/didierjoris.com\/?page_id=12"},"modified":"2024-02-03T08:08:43","modified_gmt":"2024-02-03T08:08:43","slug":"nouvelles-passees","status":"publish","type":"page","link":"https:\/\/didierjoris.com\/?page_id=12","title":{"rendered":"Nouvelles pass\u00e9es"},"content":{"rendered":"\n<p><\/p>\n\n\n<div class=\"content\">\n<div class=\"heading wordwrapfix\">\n<h2><strong>Dans cet onglet vous pourrez lire :<\/strong><\/h2>\n<p>\u00a0\u00a0\u00a0\u00a0\u00a0\u00a0\u00a0\u00a0\u00a0\u00a0\u00a0 <a href=\"https:\/\/didierjoris.com\/?p=1304\">Sorci\u00e8re d&rsquo;un genre particulier<\/a><\/p>\n<\/div>\n<div>\u00a0\u00a0\u00a0\u00a0\u00a0\u00a0\u00a0\u00a0\u00a0\u00a0\u00a0 <a href=\"https:\/\/didierjoris.com\/?p=1285\">Vacances z\u00e9br\u00e9es<\/a><\/div>\n<div>\u00a0<\/div>\n<div style=\"text-align: left;\">\u00a0\u00a0\u00a0\u00a0\u00a0\u00a0\u00a0\u00a0\u00a0\u00a0\u00a0 <a href=\"https:\/\/didierjoris.com\/?p=1265\">Fleur de mai<\/a><\/div>\n<div>\u00a0<\/div>\n<div class=\"heading wordwrapfix\" style=\"padding-left: 40px;\"><a href=\"https:\/\/didierjoris.com\/?p=1249\">Fouet et museli\u00e8re<\/a><\/div>\n<div>\u00a0<\/div>\n<div class=\"heading wordwrapfix\">\n<p style=\"padding-left: 40px;\"><a href=\"https:\/\/didierjoris.com\/?p=1230\">James et Zorro<\/a><\/p>\n<p style=\"padding-left: 40px;\">\u00a0\u00a0 <a href=\"https:\/\/didierjoris.com\/?p=1218\">\u00a0Le Roi des cons<\/a><\/p>\n<p>\u00a0\u00a0\u00a0\u00a0\u00a0\u00a0\u00a0\u00a0\u00a0\u00a0\u00a0\u00a0\u00a0\u00a0\u00a0 <a href=\"https:\/\/didierjoris.com\/?p=1155\">Esclavagisme potager<\/a><\/p>\n<p style=\"padding-left: 40px;\">\u00a0\u00a0\u00a0\u00a0 <a href=\"https:\/\/didierjoris.com\/?p=1087\">Bienvenue en stupidocratie<\/a><\/p>\n<p>\u00a0\u00a0\u00a0\u00a0\u00a0\u00a0\u00a0\u00a0\u00a0\u00a0\u00a0\u00a0\u00a0\u00a0\u00a0\u00a0 <a href=\"https:\/\/didierjoris.com\/?p=1106\">Bacchus et ses disciples<\/a><\/p>\n<\/div>\n<p style=\"padding-left: 60px;\"><a href=\"https:\/\/didierjoris.com\/?p=266\">In the restaurant <\/a><\/p>\n<p style=\"text-align: left; padding-left: 60px;\"><a href=\"https:\/\/didierjoris.com\/?p=130\">Contrari\u00e9t\u00e9 dominicale<\/a><\/p>\n<p style=\"padding-left: 60px;\"><a href=\"https:\/\/didierjoris.com\/?p=258\">T\u00e9moignage d&rsquo;un cocu cong\u00e9nital<\/a><\/p>\n<p style=\"text-align: left; padding-left: 60px;\"><a href=\"https:\/\/didierjoris.com\/?p=126\">Ma coiffeuse hell\u00e9nique<\/a><\/p>\n<p style=\"text-align: left; padding-left: 60px;\"><a href=\"https:\/\/didierjoris.com\/?p=135\">Le triangle des certitudes <\/a><\/p>\n<\/div>\n<div class=\"heading wordwrapfix\">\u00a0<\/div>\n<p style=\"text-align: justify;\">\u00a0<\/p>\n\n\n<div class=\"wp-block-columns is-layout-flex wp-container-core-columns-is-layout-9d6595d7 wp-block-columns-is-layout-flex\">\n<div class=\"wp-block-column is-vertically-aligned-top is-layout-flow wp-block-column-is-layout-flow\" style=\"flex-basis:100%\">\n<div class=\"wp-block-group\"><div class=\"wp-block-group__inner-container is-layout-flow wp-block-group-is-layout-flow\">\n<p><\/p>\n\n\n\n<p><\/p>\n<\/div><\/div>\n<\/div>\n<\/div>\n\n\n\n<p><\/p>\n","protected":false},"excerpt":{"rendered":"<p>Dans cet onglet vous pourrez lire : \u00a0\u00a0\u00a0\u00a0\u00a0\u00a0\u00a0\u00a0\u00a0\u00a0\u00a0 Sorci\u00e8re d&rsquo;un genre particulier \u00a0\u00a0\u00a0\u00a0\u00a0\u00a0\u00a0\u00a0\u00a0\u00a0\u00a0 Vacances z\u00e9br\u00e9es \u00a0 \u00a0\u00a0\u00a0\u00a0\u00a0\u00a0\u00a0\u00a0\u00a0\u00a0\u00a0 Fleur de mai \u00a0 Fouet et museli\u00e8re \u00a0 James et Zorro \u00a0\u00a0 \u00a0Le Roi des cons \u00a0\u00a0\u00a0\u00a0\u00a0\u00a0\u00a0\u00a0\u00a0\u00a0\u00a0\u00a0\u00a0\u00a0\u00a0 Esclavagisme potager \u00a0\u00a0\u00a0\u00a0 Bienvenue en stupidocratie \u00a0\u00a0\u00a0\u00a0\u00a0\u00a0\u00a0\u00a0\u00a0\u00a0\u00a0\u00a0\u00a0\u00a0\u00a0\u00a0 Bacchus et ses disciples In the restaurant Contrari\u00e9t\u00e9 dominicale T\u00e9moignage d&rsquo;un cocu cong\u00e9nital Ma &hellip; <\/p>\n<p class=\"link-more\"><a href=\"https:\/\/didierjoris.com\/?page_id=12\" class=\"more-link\">Continuer la lecture<span class=\"screen-reader-text\"> de &laquo;&nbsp;Nouvelles pass\u00e9es&nbsp;&raquo;<\/span><\/a><\/p>\n","protected":false},"author":1,"featured_media":0,"parent":0,"menu_order":0,"comment_status":"closed","ping_status":"closed","template":"","meta":{"footnotes":""},"class_list":["post-12","page","type-page","status-publish","hentry"],"_links":{"self":[{"href":"https:\/\/didierjoris.com\/index.php?rest_route=\/wp\/v2\/pages\/12","targetHints":{"allow":["GET"]}}],"collection":[{"href":"https:\/\/didierjoris.com\/index.php?rest_route=\/wp\/v2\/pages"}],"about":[{"href":"https:\/\/didierjoris.com\/index.php?rest_route=\/wp\/v2\/types\/page"}],"author":[{"embeddable":true,"href":"https:\/\/didierjoris.com\/index.php?rest_route=\/wp\/v2\/users\/1"}],"replies":[{"embeddable":true,"href":"https:\/\/didierjoris.com\/index.php?rest_route=%2Fwp%2Fv2%2Fcomments&post=12"}],"version-history":[{"count":45,"href":"https:\/\/didierjoris.com\/index.php?rest_route=\/wp\/v2\/pages\/12\/revisions"}],"predecessor-version":[{"id":1340,"href":"https:\/\/didierjoris.com\/index.php?rest_route=\/wp\/v2\/pages\/12\/revisions\/1340"}],"wp:attachment":[{"href":"https:\/\/didierjoris.com\/index.php?rest_route=%2Fwp%2Fv2%2Fmedia&parent=12"}],"curies":[{"name":"wp","href":"https:\/\/api.w.org\/{rel}","templated":true}]}}