{"id":278,"date":"2018-02-28T16:31:55","date_gmt":"2018-02-28T16:31:55","guid":{"rendered":"https:\/\/didierjoris.com\/?page_id=278"},"modified":"2024-06-11T13:05:55","modified_gmt":"2024-06-11T13:05:55","slug":"derniere-nouvelle","status":"publish","type":"page","link":"https:\/\/didierjoris.com\/?page_id=278","title":{"rendered":"Derni\u00e8re nouvelle"},"content":{"rendered":"<p><em>En cliquant sur<\/em> \u00ab\u00a0<em><a href=\"https:\/\/didierjoris.com\/?p=1390\">Tr\u00e9fle<\/a> \u00ab\u00a0<\/em><em>, <\/em><em><em>vous pourrez lire<\/em> un texte pr\u00e9sent\u00e9<\/em> en juin 2024 dans le cadre des soir\u00e9e \u00ab\u00a0Laisser dire\u00a0\u00bb du Bleus Sph\u00e8re de Li\u00e8ge.<\/p>\n<p><em>\u00a0<\/em><\/p>\n\n\n<p><\/p>\n","protected":false},"excerpt":{"rendered":"<p>En cliquant sur \u00ab\u00a0Tr\u00e9fle \u00ab\u00a0, vous pourrez lire un texte pr\u00e9sent\u00e9 en juin 2024 dans le cadre des soir\u00e9e \u00ab\u00a0Laisser dire\u00a0\u00bb du Bleus Sph\u00e8re de Li\u00e8ge. \u00a0<\/p>\n","protected":false},"author":1,"featured_media":0,"parent":0,"menu_order":0,"comment_status":"closed","ping_status":"closed","template":"","meta":{"footnotes":""},"class_list":["post-278","page","type-page","status-publish","hentry"],"_links":{"self":[{"href":"https:\/\/didierjoris.com\/index.php?rest_route=\/wp\/v2\/pages\/278","targetHints":{"allow":["GET"]}}],"collection":[{"href":"https:\/\/didierjoris.com\/index.php?rest_route=\/wp\/v2\/pages"}],"about":[{"href":"https:\/\/didierjoris.com\/index.php?rest_route=\/wp\/v2\/types\/page"}],"author":[{"embeddable":true,"href":"https:\/\/didierjoris.com\/index.php?rest_route=\/wp\/v2\/users\/1"}],"replies":[{"embeddable":true,"href":"https:\/\/didierjoris.com\/index.php?rest_route=%2Fwp%2Fv2%2Fcomments&post=278"}],"version-history":[{"count":84,"href":"https:\/\/didierjoris.com\/index.php?rest_route=\/wp\/v2\/pages\/278\/revisions"}],"predecessor-version":[{"id":1407,"href":"https:\/\/didierjoris.com\/index.php?rest_route=\/wp\/v2\/pages\/278\/revisions\/1407"}],"wp:attachment":[{"href":"https:\/\/didierjoris.com\/index.php?rest_route=%2Fwp%2Fv2%2Fmedia&parent=278"}],"curies":[{"name":"wp","href":"https:\/\/api.w.org\/{rel}","templated":true}]}}