{"id":321,"date":"2018-02-01T16:43:17","date_gmt":"2018-02-01T16:43:17","guid":{"rendered":"https:\/\/didierjoris.com\/?page_id=321"},"modified":"2023-01-05T16:23:03","modified_gmt":"2023-01-05T16:23:03","slug":"cest-qui","status":"publish","type":"page","link":"https:\/\/didierjoris.com\/?page_id=321","title":{"rendered":"Portrait et publication"},"content":{"rendered":"\n<figure class=\"wp-block-image size-large\"><img loading=\"lazy\" decoding=\"async\" width=\"695\" height=\"293\" src=\"https:\/\/didierjoris.com\/wp-content\/uploads\/2018\/03\/Qui.jpg\" alt=\"\" class=\"wp-image-325\" srcset=\"https:\/\/didierjoris.com\/wp-content\/uploads\/2018\/03\/Qui.jpg 695w, https:\/\/didierjoris.com\/wp-content\/uploads\/2018\/03\/Qui-300x126.jpg 300w\" sizes=\"auto, (max-width: 695px) 100vw, 695px\" \/><\/figure>\n\n\n<p style=\"text-align: justify;\"><b>13 mai 1963<\/b> Arriv\u00e9e sur la plan\u00e8te bleue peu avant minuit. Dans l&rsquo;actualit\u00e9, trois faits marqu\u00e8rent la chronique ce jour l\u00e0 : l&rsquo;accord de Birmingham dans l&rsquo;Alabama qui ouvre les portes de l&rsquo;int\u00e9gration des noirs aux \u00c9tats-Unis ; Alfred Hitchcock et Tippi Hedren, vedette du Festival de Cannes pour le film Les Oiseaux; l&rsquo;obligation d&rsquo;utiliser son clignoteur pour tout d\u00e9passement d&rsquo;un autre v\u00e9hicule.<\/p>\n<p style=\"text-align: justify;\"><b>De 1963 \u00e0 1969<\/b> Nombreux d\u00e9m\u00e9nagements au gr\u00e9 des affectations paternelles.<\/p>\n<p style=\"text-align: justify;\"><b>De 1969 \u00e0 1981 <\/b>Enfance et adolescence \u00e0 Arlon. \u00c9tudes chez les Fr\u00e8res Maristes. Peu dou\u00e9 pour le solf\u00e8ge, son professeur de musique lui demande de s&rsquo;abstenir de jouer de la fl\u00fbte et lui propose judicieusement d&rsquo;\u00e9tudier de la po\u00e9sie lors de son cours. La petite graine litt\u00e9raire est sem\u00e9e. Termine son cursus et part dans le Mississippi pour v\u00e9rifier que l&rsquo;accord de Birmingham mentionn\u00e9 supra est bien d&rsquo;application.<\/p>\n<p style=\"text-align: justify;\"><b>De 1981 \u00e0 1987<\/b> \u00c9tudes Universitaires \u00e0 l&rsquo;Universit\u00e9 de Li\u00e8ge (HEC) puis sp\u00e9cialisation \u00e0 la facult\u00e9 de gestion de l&rsquo;Universit\u00e9 de Louvain (UCL).<\/p>\n<p style=\"text-align: justify;\"><b>De 1987 \u00e0 2000 <\/b>Travaille pour des groupes multinationaux. <b><br \/><\/b><\/p>\n<p style=\"text-align: justify;\"><b><b>1988 <\/b><\/b>Se marie et devient papa de trois enfants.<\/p>\n<p style=\"text-align: justify;\"><b>En 2000 <\/b>En souvenir de Tippi Hedren mentionn\u00e9e ci-avant, d\u00e9cision de voler de ses propres ailes et de quitter l&rsquo;univers des \u00ab\u00a0grosses boites\u00a0\u00bb pour une plus petite, la sienne.<b> <\/b>Dans sa vie de couple, l&rsquo;un met son clignoteur \u00e0 gauche et l&rsquo;autre \u00e0 droite avec pour r\u00e9sultat un in\u00e9luctable divorce.<\/p>\n<p style=\"text-align: justify;\"><b>Depuis 2000<\/b> Encore plus que par le pass\u00e9, affectionne \u00e0 ses heures perdues les salles obscures mais aussi les endroits jazzy et de perdition po\u00e9tique.<\/p>\n<p style=\"text-align: justify;\"><b>En 2015 <\/b>Atteint par l&rsquo;envie d&rsquo;\u00e9crire.<\/p>\n<p style=\"text-align: justify;\"><b>En 2017<\/b> Premi\u00e8res publications dans la revue \u00ab\u00a0La Bafouille Incontinente\u00a0\u00bb<\/p>\n<p><strong>A partir de 2018<\/strong> Publications de nouvelles dans la revue \u00ab\u00a0Moments\u00a0\u00bb.<\/p>\n<p style=\"text-align: justify;\"><b>En septembre 2018<\/b>\u00a0 Parution chez <a href=\"https:\/\/www.edipro.eu\/fr\">Edipro<\/a> de l&rsquo;ouvrage \u00ab\u00a0G\u00e9rer en allant \u00e0 l&rsquo;essentiel\u00a0\u00bb. Un ouvrage \u00e0 port\u00e9e professionnelle.<\/p>\n<p><strong>En octobre 2020\u00a0\u00a0\u00a0 <\/strong>Parution chez <a href=\"https:\/\/www.edipro.eu\/fr\">Edipro<\/a> de l&rsquo;ouvrage \u00ab\u00a0Diriger et se diriger en allant \u00e0 l&rsquo;essentiel\u00a0\u00bb, ouvrage lui aussi \u00e0 port\u00e9e professionnelle.<\/p>\n<p><strong>En novembre 2020<\/strong> \u00a0\u00a0 Parution chez Murmure des Soirs d&rsquo;un r\u00e9cit, \u00ab\u00a0Le revolver de la r\u00e9demption\u00a0\u00bb, dans un ouvrage collectif intitul\u00e9 \u00ab\u00a0Sprimont s&rsquo;enlivre\u00a0\u00bb.<\/p>\n<p><strong>En d\u00e9cembre 2022<\/strong> Prix P\u00e9pin le Bref (CCPL)<\/p>\n<p style=\"text-align: justify;\"><b>A ce jour<\/b> : plus de nonante textes \u00e9crits dont certains en attente d&rsquo;\u00eatre \u00e9dit\u00e9s et qui ne figurent pas sur ce site.<\/p>\n<p style=\"text-align: justify;\">\u00a0<\/p>","protected":false},"excerpt":{"rendered":"<p>13 mai 1963 Arriv\u00e9e sur la plan\u00e8te bleue peu avant minuit. Dans l&rsquo;actualit\u00e9, trois faits marqu\u00e8rent la chronique ce jour l\u00e0 : l&rsquo;accord de Birmingham dans l&rsquo;Alabama qui ouvre les portes de l&rsquo;int\u00e9gration des noirs aux \u00c9tats-Unis ; Alfred Hitchcock et Tippi Hedren, vedette du Festival de Cannes pour le film Les Oiseaux; l&rsquo;obligation d&rsquo;utiliser &hellip; <\/p>\n<p class=\"link-more\"><a href=\"https:\/\/didierjoris.com\/?page_id=321\" class=\"more-link\">Continuer la lecture<span class=\"screen-reader-text\"> de &laquo;&nbsp;Portrait et publication&nbsp;&raquo;<\/span><\/a><\/p>\n","protected":false},"author":1,"featured_media":0,"parent":0,"menu_order":0,"comment_status":"closed","ping_status":"closed","template":"","meta":{"footnotes":""},"class_list":["post-321","page","type-page","status-publish","hentry"],"_links":{"self":[{"href":"https:\/\/didierjoris.com\/index.php?rest_route=\/wp\/v2\/pages\/321","targetHints":{"allow":["GET"]}}],"collection":[{"href":"https:\/\/didierjoris.com\/index.php?rest_route=\/wp\/v2\/pages"}],"about":[{"href":"https:\/\/didierjoris.com\/index.php?rest_route=\/wp\/v2\/types\/page"}],"author":[{"embeddable":true,"href":"https:\/\/didierjoris.com\/index.php?rest_route=\/wp\/v2\/users\/1"}],"replies":[{"embeddable":true,"href":"https:\/\/didierjoris.com\/index.php?rest_route=%2Fwp%2Fv2%2Fcomments&post=321"}],"version-history":[{"count":36,"href":"https:\/\/didierjoris.com\/index.php?rest_route=\/wp\/v2\/pages\/321\/revisions"}],"predecessor-version":[{"id":1217,"href":"https:\/\/didierjoris.com\/index.php?rest_route=\/wp\/v2\/pages\/321\/revisions\/1217"}],"wp:attachment":[{"href":"https:\/\/didierjoris.com\/index.php?rest_route=%2Fwp%2Fv2%2Fmedia&parent=321"}],"curies":[{"name":"wp","href":"https:\/\/api.w.org\/{rel}","templated":true}]}}