{"id":413,"date":"2018-04-19T15:16:08","date_gmt":"2018-04-19T15:16:08","guid":{"rendered":"https:\/\/didierjoris.com\/?page_id=413"},"modified":"2024-06-11T13:03:51","modified_gmt":"2024-06-11T13:03:51","slug":"quelle-histoire","status":"publish","type":"page","link":"https:\/\/didierjoris.com\/?page_id=413","title":{"rendered":"A vous de choisir"},"content":{"rendered":"<p>A vous de choisir une ou plusieurs histoires en fonction de votre envie du moment. Elles sont r\u00e9pertori\u00e9es par th\u00e9matique. Sachez que toutes ne sont pas pr\u00e9sentes car certaines, plus entreprenantes, s&rsquo;en sont all\u00e9es \u00e0\u00a0 la recherche d&rsquo;un s\u00e9duisant \u00e9diteur.<\/p>\n<ul>\n<li><a href=\"https:\/\/didierjoris.com\/?p=1390\">Derni\u00e8re nouvelle<\/a><em>\u00a0\u00a0 O\u00f9 les derniers mots couch\u00e9s sur le papier.<\/em><\/li>\n<li><a href=\"https:\/\/didierjoris.com\/?page_id=12\">Nouvelles pass\u00e9es<\/a>\u00a0\u00a0<em>D&rsquo;un pass\u00e9 souvent encore bien pr\u00e9sent.<\/em><\/li>\n<li><a href=\"https:\/\/didierjoris.com\/?page_id=14\">Hommages<\/a>\u00a0\u00a0 <em>Pour certains qui ne sont plus parmi nous.<\/em><\/li>\n<li><a href=\"https:\/\/didierjoris.com\/?page_id=865\">Th\u00e9matiques impos\u00e9es<\/a>\u00a0 <em>Nouvelles \u00e9crites dans le cadre des soir\u00e9es \u00ab\u00a0Laisser dire\u00a0\u00bb au <a href=\"http:\/\/www.blues-sphere.com\/WordPress\/\">Blues-Sph\u00e8re de Li\u00e8ge<\/a> et de la revue \u00ab\u00a0Moment\u00a0\u00bb<br \/><\/em><\/li>\n<li><a href=\"https:\/\/didierjoris.com\/?page_id=214\">Art \u00e9pistolaire<\/a>\u00a0<em> Dans la revue de la \u00ab\u00a0bafouille incontinente\u00a0\u00bb.<\/em><\/li>\n<li><a href=\"https:\/\/didierjoris.com\/?page_id=230\">Joie du langage<\/a>\u00a0 <em>Quand\u00a0 les mots nous jouent des tours.<\/em><\/li>\n<li><a href=\"https:\/\/didierjoris.com\/?page_id=15\">Expressions\u00a0<\/a>\u00a0 <em>Quand les mots ont des personnalit\u00e9s multiples.<\/em><\/li>\n<\/ul>\n\n\n<p><\/p>\n","protected":false},"excerpt":{"rendered":"<p>A vous de choisir une ou plusieurs histoires en fonction de votre envie du moment. Elles sont r\u00e9pertori\u00e9es par th\u00e9matique. Sachez que toutes ne sont pas pr\u00e9sentes car certaines, plus entreprenantes, s&rsquo;en sont all\u00e9es \u00e0\u00a0 la recherche d&rsquo;un s\u00e9duisant \u00e9diteur. Derni\u00e8re nouvelle\u00a0\u00a0 O\u00f9 les derniers mots couch\u00e9s sur le papier. Nouvelles pass\u00e9es\u00a0\u00a0D&rsquo;un pass\u00e9 souvent encore &hellip; <\/p>\n<p class=\"link-more\"><a href=\"https:\/\/didierjoris.com\/?page_id=413\" class=\"more-link\">Continuer la lecture<span class=\"screen-reader-text\"> de &laquo;&nbsp;A vous de choisir&nbsp;&raquo;<\/span><\/a><\/p>\n","protected":false},"author":1,"featured_media":0,"parent":0,"menu_order":0,"comment_status":"closed","ping_status":"closed","template":"","meta":{"footnotes":""},"class_list":["post-413","page","type-page","status-publish","hentry"],"_links":{"self":[{"href":"https:\/\/didierjoris.com\/index.php?rest_route=\/wp\/v2\/pages\/413","targetHints":{"allow":["GET"]}}],"collection":[{"href":"https:\/\/didierjoris.com\/index.php?rest_route=\/wp\/v2\/pages"}],"about":[{"href":"https:\/\/didierjoris.com\/index.php?rest_route=\/wp\/v2\/types\/page"}],"author":[{"embeddable":true,"href":"https:\/\/didierjoris.com\/index.php?rest_route=\/wp\/v2\/users\/1"}],"replies":[{"embeddable":true,"href":"https:\/\/didierjoris.com\/index.php?rest_route=%2Fwp%2Fv2%2Fcomments&post=413"}],"version-history":[{"count":41,"href":"https:\/\/didierjoris.com\/index.php?rest_route=\/wp\/v2\/pages\/413\/revisions"}],"predecessor-version":[{"id":1406,"href":"https:\/\/didierjoris.com\/index.php?rest_route=\/wp\/v2\/pages\/413\/revisions\/1406"}],"wp:attachment":[{"href":"https:\/\/didierjoris.com\/index.php?rest_route=%2Fwp%2Fv2%2Fmedia&parent=413"}],"curies":[{"name":"wp","href":"https:\/\/api.w.org\/{rel}","templated":true}]}}