{"id":416,"date":"2018-04-19T15:27:24","date_gmt":"2018-04-19T15:27:24","guid":{"rendered":"https:\/\/didierjoris.com\/?page_id=416"},"modified":"2018-12-02T15:50:14","modified_gmt":"2018-12-02T15:50:14","slug":"pourquoi","status":"publish","type":"page","link":"https:\/\/didierjoris.com\/","title":{"rendered":"Pas si anodines que cela&#8230;"},"content":{"rendered":"<p style=\"text-align: justify;\">Histoires courtes, nouvelles, microfictions, contes et autres textes concis retrouvent leurs lettres de noblesse. Nombreux sont les sites qui, avec un succ\u00e8s grandissant,\u00a0 remettent \u00e0 l&rsquo;honneur ce genre litt\u00e9raire. Mais \u00e9crire de tels r\u00e9cits n&rsquo;est pas si anodin car, en quelques lignes, on se doit de tr\u00e8s vite capter l&rsquo;attention et d&rsquo;offrir une finale qui surprend.<\/p>\n<p style=\"text-align: justify;\">C&rsquo;est \u00e0 ce type d&rsquo;exercice que j&rsquo;aime me pr\u00eater depuis quelques mois&#8230;bonne d\u00e9couverte parmi ces quelques textes r\u00e9pertori\u00e9s par th\u00e9matique. D&rsquo;autres non pr\u00e9sents sur ce site feront sous peu, je l&rsquo;esp\u00e8re, l&rsquo;objet d&rsquo;un livre. Je vous tiendrai au courant si vous le souhaitez. Il vous suffit de m&rsquo;envoyer vos coordonn\u00e9es via le formulaire de contact.<\/p>\n<p style=\"text-align: left;\"><span style=\"color: #000000;\">\u00ab La nouvelle est un genre mineur car elle va au fond des choses.\u00bb\u00a0\u00a0\u00a0\u00a0\u00a0\u00a0\u00a0 \u00a0 \u00a0 \u00a0 \u00a0 \u00a0 \u00a0\u00a0 \u00a0\u00a0\u00a0\u00a0\u00a0\u00a0\u00a0\u00a0\u00a0\u00a0\u00a0\u00a0\u00a0\u00a0\u00a0\u00a0\u00a0\u00a0\u00a0\u00a0\u00a0\u00a0\u00a0 <em>\u00c9mile Zola<br \/>\n<\/em><\/span><\/p>\n<p style=\"text-align: left;\"><span style=\"color: #000000;\">\u00ab Le roman c\u2019est le Temps. La nouvelle c\u2019est l\u2019Instant.\u00bb\u00a0\u00a0\u00a0\u00a0 \u00a0\u00a0 \u00a0 \u00a0 \u00a0\u00a0 \u00a0\u00a0\u00a0\u00a0\u00a0\u00a0\u00a0\u00a0\u00a0\u00a0\u00a0\u00a0\u00a0\u00a0\u00a0\u00a0\u00a0\u00a0\u00a0\u00a0\u00a0\u00a0\u00a0\u00a0\u00a0 <em>Roger Grenier<\/em><\/span><\/p>\n<p style=\"text-align: left;\"><span style=\"color: #000000;\">\u00ab La nouvelle coupe le souffle. Le roman l\u2019entretient \u00e0 petit feu.\u00bb\u00a0\u00a0\u00a0\u00a0\u00a0\u00a0 \u00a0 \u00a0 \u00a0 \u00a0 \u00a0 \u00a0 \u00a0 \u00a0 \u00a0\u00a0\u00a0\u00a0\u00a0\u00a0\u00a0\u00a0\u00a0\u00a0\u00a0\u00a0 <em>Marcel Schneider<\/em><\/span><\/p>\n","protected":false},"excerpt":{"rendered":"<p>Histoires courtes, nouvelles, microfictions, contes et autres textes concis retrouvent leurs lettres de noblesse. Nombreux sont les sites qui, avec un succ\u00e8s grandissant,\u00a0 remettent \u00e0 l&rsquo;honneur ce genre litt\u00e9raire. Mais \u00e9crire de tels r\u00e9cits n&rsquo;est pas si anodin car, en quelques lignes, on se doit de tr\u00e8s vite capter l&rsquo;attention et d&rsquo;offrir une finale qui &hellip; <\/p>\n<p class=\"link-more\"><a href=\"https:\/\/didierjoris.com\/\" class=\"more-link\">Continuer la lecture<span class=\"screen-reader-text\"> de &laquo;&nbsp;Pas si anodines que cela&#8230;&nbsp;&raquo;<\/span><\/a><\/p>\n","protected":false},"author":1,"featured_media":0,"parent":0,"menu_order":0,"comment_status":"closed","ping_status":"closed","template":"","meta":{"footnotes":""},"class_list":["post-416","page","type-page","status-publish","hentry"],"_links":{"self":[{"href":"https:\/\/didierjoris.com\/index.php?rest_route=\/wp\/v2\/pages\/416","targetHints":{"allow":["GET"]}}],"collection":[{"href":"https:\/\/didierjoris.com\/index.php?rest_route=\/wp\/v2\/pages"}],"about":[{"href":"https:\/\/didierjoris.com\/index.php?rest_route=\/wp\/v2\/types\/page"}],"author":[{"embeddable":true,"href":"https:\/\/didierjoris.com\/index.php?rest_route=\/wp\/v2\/users\/1"}],"replies":[{"embeddable":true,"href":"https:\/\/didierjoris.com\/index.php?rest_route=%2Fwp%2Fv2%2Fcomments&post=416"}],"version-history":[{"count":23,"href":"https:\/\/didierjoris.com\/index.php?rest_route=\/wp\/v2\/pages\/416\/revisions"}],"predecessor-version":[{"id":515,"href":"https:\/\/didierjoris.com\/index.php?rest_route=\/wp\/v2\/pages\/416\/revisions\/515"}],"wp:attachment":[{"href":"https:\/\/didierjoris.com\/index.php?rest_route=%2Fwp%2Fv2%2Fmedia&parent=416"}],"curies":[{"name":"wp","href":"https:\/\/api.w.org\/{rel}","templated":true}]}}