{"id":504,"date":"2018-10-04T19:15:56","date_gmt":"2018-10-04T19:15:56","guid":{"rendered":"https:\/\/didierjoris.com\/?page_id=504"},"modified":"2018-10-04T19:36:28","modified_gmt":"2018-10-04T19:36:28","slug":"lettre-a-ne-pas-ouvrir","status":"publish","type":"page","link":"https:\/\/didierjoris.com\/?page_id=504","title":{"rendered":"Lettre \u00e0 ne pas envoyer"},"content":{"rendered":"<p style=\"text-align: justify;\">Ch\u00e8re Andr\u00e9e,<\/p>\n<p style=\"text-align: justify;\"><img loading=\"lazy\" decoding=\"async\" class=\"size-medium wp-image-512 alignright\" src=\"https:\/\/didierjoris.com\/wp-content\/uploads\/2018\/10\/La-bafouille-50-300x300.jpg\" alt=\"\" width=\"300\" height=\"300\" srcset=\"https:\/\/didierjoris.com\/wp-content\/uploads\/2018\/10\/La-bafouille-50-300x300.jpg 300w, https:\/\/didierjoris.com\/wp-content\/uploads\/2018\/10\/La-bafouille-50-150x150.jpg 150w, https:\/\/didierjoris.com\/wp-content\/uploads\/2018\/10\/La-bafouille-50-100x100.jpg 100w, https:\/\/didierjoris.com\/wp-content\/uploads\/2018\/10\/La-bafouille-50.jpg 518w\" sizes=\"auto, (max-width: 300px) 100vw, 300px\" \/>Tu d\u00e9couvriras joint \u00e0 cet envoi un pli scell\u00e9 sur lequel il est indiqu\u00e9 \u00ab\u2009\u00c0 ne pas ouvrir\u2009\u00bb. Je te le confie dans l\u2019attente de mon dernier souffle car s\u2019y trouve, non mes ultimes volont\u00e9s transmises \u00e0 mon avou\u00e9, mais des facettes secr\u00e8tes de ma vie que je ne souhaite en aucun cas voir d\u00e9voil\u00e9es au tout-venant, m\u00eame apr\u00e8s mon d\u00e9part de cette vall\u00e9e de larmes. Il s\u2019agit d\u2019une confession, l\u2019unique de toute mon existence, que j\u2019ai honte \u00e0 d\u00e9voiler de vive voix.<\/p>\n<p style=\"text-align: justify;\">Pourquoi avoir pens\u00e9 \u00e0 toi\u2009?<\/p>\n<p style=\"text-align: justify;\">Tout simplement parce que tu es ma seule vraie amie mais aussi la plus curieuse\u2009; je devrais dire la plus fouineuse d\u2019entre toutes. Tu n\u2019as de cesse de t\u2019immiscer dans la vie des autres tant ton existence est morne, banale, sans relief. La mienne en revanche est, ou plut\u00f4t fut, p\u00e9tillante, agr\u00e9ment\u00e9e de transgressions diverses dont tu n\u2019as jamais rien soup\u00e7onn\u00e9 car j\u2019ai toujours eu pour principe d\u2019entourer mes petits secrets des voiles les plus \u00e9pais. J\u2019ai ainsi eu plaisir \u00e0 faire souvent des pas de c\u00f4t\u00e9 avec la loi, les r\u00e8gles de la biens\u00e9ance, du savoir-vivre et de la morale ce qui explique la vie \u00e9panouie et tr\u00e9pidante que j\u2019ai men\u00e9e.<\/p>\n<p style=\"text-align: justify;\">Mais de tout cela tu n\u2019en sauras rien car j\u2019en r\u00e9serve l\u2019exclusivit\u00e9 \u00e0 Monsieur le Cur\u00e9 auquel tu transmettras cette lettre d\u2019ici quelques semaines, le jour o\u00f9 Dieu me rappellera \u00e0 lui. Si je me suis abstenue de lui en faire part sans d\u00e9tour, c\u2019est pour \u00e9viter qu\u2019il exige de moi quelque p\u00e9nitence ou repentance de mon vivant. J\u2019ai donc r\u00e9dig\u00e9 ces pages afin de recevoir une absolution post-mortem qui, je l\u2019esp\u00e8re, devrait all\u00e9ger les peines qui m\u2019attentent au purgatoire. Le Saint Homme est d\u00e9j\u00e0 au courant que tu lui transmettras cette correspondance ainsi que des modalit\u00e9s particuli\u00e8res li\u00e9es \u00e0 sa lecture.<\/p>\n<p style=\"text-align: justify;\">En effet, si d\u2019aventure tu ouvrais la lettre avant de la lui remettre, ce dernier s\u2019en apercevrait directement car mes \u00e9crits r\u00e9alis\u00e9s \u00e0 l\u2019encre invisible n\u2019apparaitront au grand jour que s\u2019il y est d\u00e9pos\u00e9 d\u00e9licatement un peu de jus de citron ce qui est d\u2019ailleurs signal\u00e9 d\u2019embl\u00e9e \u00e0 l\u2019encre verte, elle bien visible, au d\u00e9but de mon r\u00e9cit. Tu auras aussi constat\u00e9 les scell\u00e9s bien particuliers que j\u2019y ai appos\u00e9s et qui devraient refroidir toutes ardeurs \u00e0 violer mes confidences.<\/p>\n<p style=\"text-align: justify;\">Je suis certaine que tu ne prendras pas le risque d\u2019un jugement cl\u00e9rical, toi qui crains l\u2019enfer plus que tout et dont la vie de bigote devrait \u00eatre un blanc-seing pour rejoindre les d\u00e9lices de l\u2019Olympe. Mais tu n\u2019arriveras sereine aux jardins d\u2019Eden que si tu mets un terme \u00e0 ce vilain d\u00e9faut de curiosit\u00e9 pathologique qui met en p\u00e9ril tous tes autres efforts vers la perfection.<\/p>\n<p style=\"text-align: justify;\">C\u2019est d\u00e8s lors non seulement par amiti\u00e9s mais aussi par charit\u00e9 que je te fais parvenir cet envoi, consciente de la mise \u00e0 l\u2019\u00e9preuve n\u00e9cessaire que je te fais subir. Crois que c\u2019est pour t\u2019assurer un avenir radieux que je me vois dans l\u2019obligation d\u2019agir de la sorte car tu es mon amie et je tiens \u00e0 participer \u00e0 ta f\u00e9licit\u00e9 future.<\/p>\n<p style=\"text-align: justify;\">Je te laisse donc \u00e0 la douce torture de tes interrogations et te dis adieu.<\/p>\n<p style=\"text-align: justify;\">Ginette<\/p>\n<p style=\"text-align: justify;\"><em>PS Je te demande pardon pour tous les coups tordus que je t\u2019ai faits, qui sont repris dans cette confession et dont tu n\u2019as \u00e0 ce jour jamais eu conscience.<\/em><\/p>\n","protected":false},"excerpt":{"rendered":"<p>Ch\u00e8re Andr\u00e9e, Tu d\u00e9couvriras joint \u00e0 cet envoi un pli scell\u00e9 sur lequel il est indiqu\u00e9 \u00ab\u2009\u00c0 ne pas ouvrir\u2009\u00bb. Je te le confie dans l\u2019attente de mon dernier souffle car s\u2019y trouve, non mes ultimes volont\u00e9s transmises \u00e0 mon avou\u00e9, mais des facettes secr\u00e8tes de ma vie que je ne souhaite en aucun cas &hellip; <\/p>\n<p class=\"link-more\"><a href=\"https:\/\/didierjoris.com\/?page_id=504\" class=\"more-link\">Continuer la lecture<span class=\"screen-reader-text\"> de &laquo;&nbsp;Lettre \u00e0 ne pas envoyer&nbsp;&raquo;<\/span><\/a><\/p>\n","protected":false},"author":1,"featured_media":0,"parent":214,"menu_order":0,"comment_status":"closed","ping_status":"closed","template":"","meta":{"footnotes":""},"class_list":["post-504","page","type-page","status-publish","hentry"],"_links":{"self":[{"href":"https:\/\/didierjoris.com\/index.php?rest_route=\/wp\/v2\/pages\/504","targetHints":{"allow":["GET"]}}],"collection":[{"href":"https:\/\/didierjoris.com\/index.php?rest_route=\/wp\/v2\/pages"}],"about":[{"href":"https:\/\/didierjoris.com\/index.php?rest_route=\/wp\/v2\/types\/page"}],"author":[{"embeddable":true,"href":"https:\/\/didierjoris.com\/index.php?rest_route=\/wp\/v2\/users\/1"}],"replies":[{"embeddable":true,"href":"https:\/\/didierjoris.com\/index.php?rest_route=%2Fwp%2Fv2%2Fcomments&post=504"}],"version-history":[{"count":4,"href":"https:\/\/didierjoris.com\/index.php?rest_route=\/wp\/v2\/pages\/504\/revisions"}],"predecessor-version":[{"id":514,"href":"https:\/\/didierjoris.com\/index.php?rest_route=\/wp\/v2\/pages\/504\/revisions\/514"}],"up":[{"embeddable":true,"href":"https:\/\/didierjoris.com\/index.php?rest_route=\/wp\/v2\/pages\/214"}],"wp:attachment":[{"href":"https:\/\/didierjoris.com\/index.php?rest_route=%2Fwp%2Fv2%2Fmedia&parent=504"}],"curies":[{"name":"wp","href":"https:\/\/api.w.org\/{rel}","templated":true}]}}