{"id":865,"date":"2020-01-05T17:03:22","date_gmt":"2020-01-05T17:03:22","guid":{"rendered":"https:\/\/didierjoris.com\/?page_id=865"},"modified":"2022-04-05T07:09:08","modified_gmt":"2022-04-05T07:09:08","slug":"thematiques-imposees","status":"publish","type":"page","link":"https:\/\/didierjoris.com\/?page_id=865","title":{"rendered":"Th\u00e9matiques impos\u00e9es"},"content":{"rendered":"\n<p> <em>Nouvelles \u00e9crites dans le cadre des soir\u00e9es \u00ab&nbsp;Laisser dire&nbsp;\u00bb au <a href=\"http:\/\/www.blues-sphere.com\/WordPress\/\">Blues-Sph\u00e8re de Li\u00e8ge<\/a> et de la revue \u00ab&nbsp;Moment&nbsp;\u00bb<\/em> .<\/p>\n\n\n\n<p><a href=\"https:\/\/didierjoris.com\/?p=1087\">\u00a0 <a href=\"https:\/\/didierjoris.com\/?p=1130\">La joie de l&rsquo;attente<\/a><\/a><\/p>\n\n\n\n<p><a href=\"https:\/\/didierjoris.com\/?p=1012\">Le talon d&rsquo;Achille<\/a><\/p>\n\n\n\n<p><a href=\"https:\/\/didierjoris.com\/?p=982\">La Foire<\/a><\/p>\n\n\n\n<p><a href=\"https:\/\/didierjoris.com\/?p=949\">L&rsquo;inconnu d&rsquo;avril<\/a><\/p>\n\n\n\n<p><a href=\"https:\/\/didierjoris.com\/?p=931\">In Petto<\/a><\/p>\n\n\n\n<p><a href=\"https:\/\/didierjoris.com\/?p=911\">Giboul\u00e9e de mars<\/a><\/p>\n\n\n\n<p><a href=\"https:\/\/didierjoris.com\/?p=899\">Masques &amp; carnaval<\/a><\/p>\n\n\n\n<p><a href=\"https:\/\/didierjoris.com\/?p=848\">Le client est Roi<\/a><\/p>\n\n\n\n<p><a href=\"https:\/\/didierjoris.com\/?p=833\">Enfant Sage <\/a><\/p>\n\n\n\n<p><a href=\"https:\/\/didierjoris.com\/?p=823\">D\u00e9lices <\/a><\/p>\n\n\n\n<p><a href=\"https:\/\/didierjoris.com\/?p=788\">Chien et vie de chien<\/a><\/p>\n\n\n\n<p><a href=\"https:\/\/didierjoris.com\/?p=774\">La rentr\u00e9e des classes <\/a><\/p>\n\n\n\n<p><a href=\"https:\/\/didierjoris.com\/?p=684\">Ginette et Germaine <\/a><\/p>\n\n\n\n<p><a href=\"https:\/\/didierjoris.com\/?p=669\" target=\"_blank\" rel=\"noreferrer noopener\" aria-label=\"Bonne F\u00eate Maman  (s\u2019ouvre dans un nouvel onglet)\">Bonne F\u00eate Maman <\/a><\/p>\n\n\n\n<p><a href=\"https:\/\/didierjoris.com\/?p=650\" target=\"_blank\" rel=\"noreferrer noopener\" aria-label=\"L'arbre (s\u2019ouvre dans un nouvel onglet)\">L&rsquo;arbre<\/a><\/p>\n\n\n\n<p><a href=\"https:\/\/didierjoris.com\/?p=588\">Le Printemps <\/a><\/p>\n\n\n\n<p><a href=\"https:\/\/didierjoris.com\/?p=568\">Saint-Valentin sans Valentin <\/a><\/p>\n\n\n\n<p><a href=\"https:\/\/didierjoris.com\/?p=536\">L&#8217;emmerdeur de la Saint Sylvestre <\/a><\/p>\n\n\n\n<p><a href=\"https:\/\/didierjoris.com\/?p=616\">Il va falloir que je me bouge <\/a><\/p>\n","protected":false},"excerpt":{"rendered":"<p>Nouvelles \u00e9crites dans le cadre des soir\u00e9es \u00ab&nbsp;Laisser dire&nbsp;\u00bb au Blues-Sph\u00e8re de Li\u00e8ge et de la revue \u00ab&nbsp;Moment&nbsp;\u00bb . \u00a0 La joie de l&rsquo;attente Le talon d&rsquo;Achille La Foire L&rsquo;inconnu d&rsquo;avril In Petto Giboul\u00e9e de mars Masques &amp; carnaval Le client est Roi Enfant Sage D\u00e9lices Chien et vie de chien La rentr\u00e9e des classes &hellip; <\/p>\n<p class=\"link-more\"><a href=\"https:\/\/didierjoris.com\/?page_id=865\" class=\"more-link\">Continuer la lecture<span class=\"screen-reader-text\"> de &laquo;&nbsp;Th\u00e9matiques impos\u00e9es&nbsp;&raquo;<\/span><\/a><\/p>\n","protected":false},"author":1,"featured_media":0,"parent":0,"menu_order":0,"comment_status":"closed","ping_status":"closed","template":"","meta":{"footnotes":""},"class_list":["post-865","page","type-page","status-publish","hentry"],"_links":{"self":[{"href":"https:\/\/didierjoris.com\/index.php?rest_route=\/wp\/v2\/pages\/865","targetHints":{"allow":["GET"]}}],"collection":[{"href":"https:\/\/didierjoris.com\/index.php?rest_route=\/wp\/v2\/pages"}],"about":[{"href":"https:\/\/didierjoris.com\/index.php?rest_route=\/wp\/v2\/types\/page"}],"author":[{"embeddable":true,"href":"https:\/\/didierjoris.com\/index.php?rest_route=\/wp\/v2\/users\/1"}],"replies":[{"embeddable":true,"href":"https:\/\/didierjoris.com\/index.php?rest_route=%2Fwp%2Fv2%2Fcomments&post=865"}],"version-history":[{"count":23,"href":"https:\/\/didierjoris.com\/index.php?rest_route=\/wp\/v2\/pages\/865\/revisions"}],"predecessor-version":[{"id":1167,"href":"https:\/\/didierjoris.com\/index.php?rest_route=\/wp\/v2\/pages\/865\/revisions\/1167"}],"wp:attachment":[{"href":"https:\/\/didierjoris.com\/index.php?rest_route=%2Fwp%2Fv2%2Fmedia&parent=865"}],"curies":[{"name":"wp","href":"https:\/\/api.w.org\/{rel}","templated":true}]}}